{"id":125,"date":"2022-10-06T16:40:36","date_gmt":"2022-10-06T14:40:36","guid":{"rendered":"https:\/\/ferchan-anima.org\/?page_id=125"},"modified":"2022-10-06T16:55:14","modified_gmt":"2022-10-06T14:55:14","slug":"nos-experiences","status":"publish","type":"page","link":"https:\/\/ferchan-anima.org\/index.php\/nos-experiences\/","title":{"rendered":"Nos exp\u00e9riences"},"content":{"rendered":"\n<h2 class=\"has-text-align-center wp-block-heading\">Notre collectif vous propose 4 typologies d\u2019exp\u00e9riences<\/h2>\n\n\n\n<div class=\"wp-block-columns is-layout-flex wp-container-core-columns-is-layout-9d6595d7 wp-block-columns-is-layout-flex\">\n<div class=\"wp-block-column is-layout-flow wp-block-column-is-layout-flow\">\n<div class=\"wp-block-columns is-layout-flex wp-container-core-columns-is-layout-9d6595d7 wp-block-columns-is-layout-flex\">\n<div class=\"wp-block-column is-vertically-aligned-top is-layout-flow wp-block-column-is-layout-flow\">\n<p class=\"has-text-align-center has-pale-cyan-blue-background-color has-background has-small-font-size\"><strong>DIGITALISATION<\/strong><br>d\u2019UNE OEUVRE<\/p>\n\n\n\n<p class=\"has-text-align-center has-small-font-size\">\u00a0<strong>B\u00e9n\u00e9ficiez d\u2019une \u0153uvre unique m\u00ealant r\u00e9el et virtuel.<\/strong><br>Con\u00e7ue sur demande, nous cr\u00e9ons l\u2019univers graphique et les interactions exp\u00e9rientielles selon vos aspirations, vos moyens et l\u2019espace disponible.<\/p>\n<\/div>\n\n\n\n<div class=\"wp-block-column is-vertically-aligned-center is-layout-flow wp-block-column-is-layout-flow\">\n<p class=\"has-text-align-center has-luminous-vivid-amber-background-color has-background has-small-font-size\"><strong>EXPOSITION<\/strong><br>PHYGITALE<\/p>\n\n\n\n<p class=\"has-text-align-center has-small-font-size\"><strong>Immerger les visiteurs au c\u0153ur d\u2019un univers onirique interactif<\/strong> et o\u00f9 vos d\u00e9placements mettent votre environnement en mouvement.<br><br>\u00a0> Saurez-vous faire la diff\u00e9rence\u00a0 entre r\u00e9el et virtuel ?\u00a0\u00a0<\/p>\n<\/div>\n<\/div>\n<\/div>\n\n\n\n<div class=\"wp-block-column is-vertically-aligned-top is-layout-flow wp-block-column-is-layout-flow\">\n<div class=\"wp-block-columns is-layout-flex wp-container-core-columns-is-layout-9d6595d7 wp-block-columns-is-layout-flex\">\n<div class=\"wp-block-column is-vertically-aligned-top is-layout-flow wp-block-column-is-layout-flow\">\n<p class=\"has-text-align-center has-light-green-cyan-background-color has-background has-small-font-size\"><strong>ITINERANCE<\/strong> <br>D\u2019UN UNIVERS<\/p>\n\n\n\n<p class=\"has-text-align-center has-small-font-size\"><strong>Mobile et \u00ab\u00a0pr\u00eate \u00e0 brancher\u00a0\u00bb<\/strong>, l\u2019exposition est int\u00e9gr\u00e9e dans des containers maritime sp\u00e9cialement am\u00e9nag\u00e9s pour faciliter transport et exploitation. <br>Fini le montage\/d\u00e9montage, vive le <strong> <\/strong>(plug &amp; play). <\/p>\n<\/div>\n\n\n\n<div class=\"wp-block-column is-vertically-aligned-top is-layout-flow wp-block-column-is-layout-flow\">\n<p class=\"has-text-align-center has-cyan-bluish-gray-background-color has-background has-small-font-size\"><strong>MUSEOLOGIE<\/strong> IMMERSIVE<\/p>\n\n\n\n<p class=\"has-text-align-center has-small-font-size\"><strong>Visiter un site historique\u00a0autrement<\/strong><br>Suivez notre compagnon et d\u00e9couvrez un site ou une ville autrement \u00e0 travers les \u00e2ges, ses \u00e9volutions architecturales et\/ou son industrialisation.<\/p>\n<\/div>\n<\/div>\n<\/div>\n<\/div>\n","protected":false},"excerpt":{"rendered":"<p>Notre collectif vous propose 4 typologies d\u2019exp\u00e9riences DIGITALISATIONd\u2019UNE OEUVRE \u00a0B\u00e9n\u00e9ficiez d\u2019une \u0153uvre unique m\u00ealant r\u00e9el et virtuel.Con\u00e7ue sur demande, nous cr\u00e9ons l\u2019univers graphique et les interactions exp\u00e9rientielles selon vos aspirations, vos moyens et l\u2019espace disponible. EXPOSITIONPHYGITALE Immerger les visiteurs au c\u0153ur d\u2019un univers onirique interactif et o\u00f9 vos d\u00e9placements mettent votre environnement en mouvement. \u00a0> &hellip; <\/p>\n<p class=\"link-more\"><a href=\"https:\/\/ferchan-anima.org\/index.php\/nos-experiences\/\" class=\"more-link\">Read more<span class=\"screen-reader-text\"> &#8220;Nos exp\u00e9riences&#8221;<\/span><\/a><\/p>\n","protected":false},"author":3,"featured_media":0,"parent":0,"menu_order":0,"comment_status":"closed","ping_status":"closed","template":"","meta":{"footnotes":""},"class_list":["post-125","page","type-page","status-publish","hentry"],"_links":{"self":[{"href":"https:\/\/ferchan-anima.org\/index.php\/wp-json\/wp\/v2\/pages\/125","targetHints":{"allow":["GET"]}}],"collection":[{"href":"https:\/\/ferchan-anima.org\/index.php\/wp-json\/wp\/v2\/pages"}],"about":[{"href":"https:\/\/ferchan-anima.org\/index.php\/wp-json\/wp\/v2\/types\/page"}],"author":[{"embeddable":true,"href":"https:\/\/ferchan-anima.org\/index.php\/wp-json\/wp\/v2\/users\/3"}],"replies":[{"embeddable":true,"href":"https:\/\/ferchan-anima.org\/index.php\/wp-json\/wp\/v2\/comments?post=125"}],"version-history":[{"count":11,"href":"https:\/\/ferchan-anima.org\/index.php\/wp-json\/wp\/v2\/pages\/125\/revisions"}],"predecessor-version":[{"id":146,"href":"https:\/\/ferchan-anima.org\/index.php\/wp-json\/wp\/v2\/pages\/125\/revisions\/146"}],"wp:attachment":[{"href":"https:\/\/ferchan-anima.org\/index.php\/wp-json\/wp\/v2\/media?parent=125"}],"curies":[{"name":"wp","href":"https:\/\/api.w.org\/{rel}","templated":true}]}}